{"id":463,"date":"2024-09-30T12:07:14","date_gmt":"2024-09-30T10:07:14","guid":{"rendered":"https:\/\/caldereriagurelan.com\/inicio\/"},"modified":"2026-03-18T20:32:11","modified_gmt":"2026-03-18T19:32:11","slug":"start","status":"publish","type":"page","link":"https:\/\/caldereriagurelan.com\/de\/","title":{"rendered":"Start"},"content":{"rendered":"\n<div class=\"wp-block-uagb-container animated fadeIn slower uagb-block-41c04e63 alignfull uagb-is-root-container\"><div class=\"uagb-container__video-wrap\"><video autoplay loop muted playsinline><source src=\"http:\/\/caldereriagurelan.com\/public\/media\/2024\/10\/Gurelan24-hero.mp4\" type=\"video\/mp4\"\/><\/video><\/div><div class=\"uagb-container-inner-blocks-wrap\">\n<figure class=\"wp-block-image aligncenter size-full is-resized\"><a class=\"vp-a vp-yt-type\" href=\"https:\/\/www.youtube.com\/watch?v=VaZRYDM6As8\"><img loading=\"lazy\" decoding=\"async\" width=\"543\" height=\"543\" src=\"http:\/\/caldereriagurelan.com\/public\/media\/2024\/10\/play.png\" alt=\"\" class=\"wp-image-77\" style=\"width:52px;height:auto\" srcset=\"https:\/\/caldereriagurelan.com\/public\/media\/2024\/10\/play.png 543w, https:\/\/caldereriagurelan.com\/public\/media\/2024\/10\/play-300x300.png 300w, https:\/\/caldereriagurelan.com\/public\/media\/2024\/10\/play-150x150.png 150w\" sizes=\"auto, (max-width: 543px) 100vw, 543px\" \/><\/a><\/figure>\n\n\n\n<h1 class=\"wp-block-heading has-text-align-center has-blanco-color has-text-color has-link-color wp-elements-c4abe7b11a2c0105bdba77ed2c4ce9a2\">CALDERER\u00cdA GURELAN SA<\/h1>\n\n\n\n<h2 class=\"wp-block-heading has-text-align-center has-blanco-color has-text-color has-link-color wp-elements-fb94832ccda9eb9880a7f05ba834e680\">Sie haben die Idee &#8211; <br>Wir setzen <mark style=\"background-color:rgba(0, 0, 0, 0)\" class=\"has-inline-color has-rojo-color\">sie um<\/mark>.<\/h2>\n<\/div><\/div>\n\n\n\n<div class=\"wp-block-uagb-container uagb-block-5f04e235 alignfull uagb-is-root-container\"><div class=\"uagb-container-inner-blocks-wrap\">\n<div data-aos= \"fade-right\" data-aos-duration=\"400\" data-aos-delay=\"0\" data-aos-easing=\"ease\" data-aos-once=\"true\" class=\"wp-block-uagb-container animated fadeInLeft uagb-block-486f6f8b\">\n<h2 class=\"wp-block-heading has-text-align-right has-blanco-color has-text-color has-link-color wp-elements-c1250338178607f222e34662f2acbd66\">Stahlbau<\/h2>\n<\/div>\n\n\n\n<div data-aos= \"fade-left\" data-aos-duration=\"400\" data-aos-delay=\"0\" data-aos-easing=\"ease\" data-aos-once=\"true\" class=\"wp-block-uagb-container animated fadeInRight uagb-block-6d160501\">\n<p class=\"has-text-align-left has-blanco-color has-text-color has-link-color wp-elements-f5fc66b91480b8b91ea9a71a6c258570\">Seit 1976 auf die Herstellung und Ausf\u00fchrung von Stahlkonstruktionen in Gr\u00f6\u00dfenordnungen bis 200 Tonnen spezialisiert.<br><br>Mit einer j\u00e4hrlichen Produktionskapazit\u00e4t von 12.000 Tonnen.<br><br>Unser Unternehmen ist auf die Bereitstellung schl\u00fcsselfertiger L\u00f6sungen spezialisiert und deckt unter anderen folgende Prozesse ab: Materialbeschaffung, Konstruktion und Schwei\u00dfen, Montage, Spannungsarmgl\u00fchen, Bearbeitung,\u2026<\/p>\n\n\n\t\t\t\t\t<div\n\t\t\t\t\t\tclass=\"wp-block-uagb-image-gallery uagb-block-540d637c     \"\n\t\t\t\t\t\tstyle=\"\"\n\t\t\t\t\t>\n\t\t\t\t\t\t\t\t\t\t\t<div class=\"spectra-image-gallery spectra-image-gallery__layout--carousel\">\n\t\t\t\t\t\t\t\t<div class=\"uagb-slick-carousel uagb-block-540d637c\">\n\t\t\t\t\t\t\t\t\t\t\t\t<div class='spectra-image-gallery__media-wrapper' data-spectra-gallery-image-id='528'>\n\t\t\t\t\t\t\t<div class=\"spectra-image-gallery__media spectra-image-gallery__media--carousel\">\n\t\t\t\t<picture>\n\t\t\t\t\t<source media=\"(min-width: 1024px)\" srcset=\"https:\/\/caldereriagurelan.com\/public\/media\/2026\/03\/IMG_3047.jpg\">\n\t\t\t\t\t<source media=\"(min-width: 768px)\" srcset=\"https:\/\/caldereriagurelan.com\/public\/media\/2026\/03\/IMG_3047.jpg\">\n\t\t\t\t\t<img decoding=\"async\" class=\"spectra-image-gallery__media-thumbnail spectra-image-gallery__media-thumbnail--carousel\" src=\"https:\/\/caldereriagurelan.com\/public\/media\/2026\/03\/IMG_3047.jpg\" alt=\"IMG\" loading=\"lazy\" \/>\n\t\t\t\t<\/picture>\n\t\t\t\t<div class=\"spectra-image-gallery__media-thumbnail-blurrer\"><\/div>\n\t\t\t\t\t\t\t\t\t\t\t<div class=\"spectra-image-gallery__media-thumbnail-caption-wrapper spectra-image-gallery__media-thumbnail-caption-wrapper--overlay\"><\/div>\n\t\t\t\t\t\t\t\t<\/div>\n\t\t\t\t\t\t<\/div>\n\t\t\t\t\t\t<div class='spectra-image-gallery__media-wrapper' data-spectra-gallery-image-id='531'>\n\t\t\t\t\t\t\t<div class=\"spectra-image-gallery__media spectra-image-gallery__media--carousel\">\n\t\t\t\t<picture>\n\t\t\t\t\t<source media=\"(min-width: 1024px)\" srcset=\"https:\/\/caldereriagurelan.com\/public\/media\/2026\/03\/LO79132-1.jpg\">\n\t\t\t\t\t<source media=\"(min-width: 768px)\" srcset=\"https:\/\/caldereriagurelan.com\/public\/media\/2026\/03\/LO79132-1.jpg\">\n\t\t\t\t\t<img decoding=\"async\" class=\"spectra-image-gallery__media-thumbnail spectra-image-gallery__media-thumbnail--carousel\" src=\"https:\/\/caldereriagurelan.com\/public\/media\/2026\/03\/LO79132-1.jpg\" alt=\"LO79132\" loading=\"lazy\" \/>\n\t\t\t\t<\/picture>\n\t\t\t\t<div class=\"spectra-image-gallery__media-thumbnail-blurrer\"><\/div>\n\t\t\t\t\t\t\t\t\t\t\t<div class=\"spectra-image-gallery__media-thumbnail-caption-wrapper spectra-image-gallery__media-thumbnail-caption-wrapper--overlay\"><\/div>\n\t\t\t\t\t\t\t\t<\/div>\n\t\t\t\t\t\t<\/div>\n\t\t\t\t\t\t<div class='spectra-image-gallery__media-wrapper' data-spectra-gallery-image-id='534'>\n\t\t\t\t\t\t\t<div class=\"spectra-image-gallery__media spectra-image-gallery__media--carousel\">\n\t\t\t\t<picture>\n\t\t\t\t\t<source media=\"(min-width: 1024px)\" srcset=\"https:\/\/caldereriagurelan.com\/public\/media\/2026\/03\/LO79095-1.jpg\">\n\t\t\t\t\t<source media=\"(min-width: 768px)\" srcset=\"https:\/\/caldereriagurelan.com\/public\/media\/2026\/03\/LO79095-1.jpg\">\n\t\t\t\t\t<img decoding=\"async\" class=\"spectra-image-gallery__media-thumbnail spectra-image-gallery__media-thumbnail--carousel\" src=\"https:\/\/caldereriagurelan.com\/public\/media\/2026\/03\/LO79095-1.jpg\" alt=\"LO79095\" loading=\"lazy\" \/>\n\t\t\t\t<\/picture>\n\t\t\t\t<div class=\"spectra-image-gallery__media-thumbnail-blurrer\"><\/div>\n\t\t\t\t\t\t\t\t\t\t\t<div class=\"spectra-image-gallery__media-thumbnail-caption-wrapper spectra-image-gallery__media-thumbnail-caption-wrapper--overlay\"><\/div>\n\t\t\t\t\t\t\t\t<\/div>\n\t\t\t\t\t\t<\/div>\n\t\t\t\t\t\t<div class='spectra-image-gallery__media-wrapper' data-spectra-gallery-image-id='537'>\n\t\t\t\t\t\t\t<div class=\"spectra-image-gallery__media spectra-image-gallery__media--carousel\">\n\t\t\t\t<picture>\n\t\t\t\t\t<source media=\"(min-width: 1024px)\" srcset=\"https:\/\/caldereriagurelan.com\/public\/media\/2026\/03\/IMG_2904.jpg\">\n\t\t\t\t\t<source media=\"(min-width: 768px)\" srcset=\"https:\/\/caldereriagurelan.com\/public\/media\/2026\/03\/IMG_2904.jpg\">\n\t\t\t\t\t<img decoding=\"async\" class=\"spectra-image-gallery__media-thumbnail spectra-image-gallery__media-thumbnail--carousel\" src=\"https:\/\/caldereriagurelan.com\/public\/media\/2026\/03\/IMG_2904.jpg\" alt=\"IMG\" loading=\"lazy\" \/>\n\t\t\t\t<\/picture>\n\t\t\t\t<div class=\"spectra-image-gallery__media-thumbnail-blurrer\"><\/div>\n\t\t\t\t\t\t\t\t\t\t\t<div class=\"spectra-image-gallery__media-thumbnail-caption-wrapper spectra-image-gallery__media-thumbnail-caption-wrapper--overlay\"><\/div>\n\t\t\t\t\t\t\t\t<\/div>\n\t\t\t\t\t\t<\/div>\n\t\t\t\t\t\t<div class='spectra-image-gallery__media-wrapper' data-spectra-gallery-image-id='540'>\n\t\t\t\t\t\t\t<div class=\"spectra-image-gallery__media spectra-image-gallery__media--carousel\">\n\t\t\t\t<picture>\n\t\t\t\t\t<source media=\"(min-width: 1024px)\" srcset=\"https:\/\/caldereriagurelan.com\/public\/media\/2026\/03\/IMG_2774.jpg\">\n\t\t\t\t\t<source media=\"(min-width: 768px)\" srcset=\"https:\/\/caldereriagurelan.com\/public\/media\/2026\/03\/IMG_2774.jpg\">\n\t\t\t\t\t<img decoding=\"async\" class=\"spectra-image-gallery__media-thumbnail spectra-image-gallery__media-thumbnail--carousel\" src=\"https:\/\/caldereriagurelan.com\/public\/media\/2026\/03\/IMG_2774.jpg\" alt=\"IMG\" loading=\"lazy\" \/>\n\t\t\t\t<\/picture>\n\t\t\t\t<div class=\"spectra-image-gallery__media-thumbnail-blurrer\"><\/div>\n\t\t\t\t\t\t\t\t\t\t\t<div class=\"spectra-image-gallery__media-thumbnail-caption-wrapper spectra-image-gallery__media-thumbnail-caption-wrapper--overlay\"><\/div>\n\t\t\t\t\t\t\t\t<\/div>\n\t\t\t\t\t\t<\/div>\n\t\t\t\t\t\t<div class='spectra-image-gallery__media-wrapper' data-spectra-gallery-image-id='543'>\n\t\t\t\t\t\t\t<div class=\"spectra-image-gallery__media spectra-image-gallery__media--carousel\">\n\t\t\t\t<picture>\n\t\t\t\t\t<source media=\"(min-width: 1024px)\" srcset=\"https:\/\/caldereriagurelan.com\/public\/media\/2026\/03\/IMG_2444.jpg\">\n\t\t\t\t\t<source media=\"(min-width: 768px)\" srcset=\"https:\/\/caldereriagurelan.com\/public\/media\/2026\/03\/IMG_2444.jpg\">\n\t\t\t\t\t<img decoding=\"async\" class=\"spectra-image-gallery__media-thumbnail spectra-image-gallery__media-thumbnail--carousel\" src=\"https:\/\/caldereriagurelan.com\/public\/media\/2026\/03\/IMG_2444.jpg\" alt=\"IMG\" loading=\"lazy\" \/>\n\t\t\t\t<\/picture>\n\t\t\t\t<div class=\"spectra-image-gallery__media-thumbnail-blurrer\"><\/div>\n\t\t\t\t\t\t\t\t\t\t\t<div class=\"spectra-image-gallery__media-thumbnail-caption-wrapper spectra-image-gallery__media-thumbnail-caption-wrapper--overlay\"><\/div>\n\t\t\t\t\t\t\t\t<\/div>\n\t\t\t\t\t\t<\/div>\n\t\t\t\t\t\t<div class='spectra-image-gallery__media-wrapper' data-spectra-gallery-image-id='546'>\n\t\t\t\t\t\t\t<div class=\"spectra-image-gallery__media spectra-image-gallery__media--carousel\">\n\t\t\t\t<picture>\n\t\t\t\t\t<source media=\"(min-width: 1024px)\" srcset=\"https:\/\/caldereriagurelan.com\/public\/media\/2026\/03\/IMG_0541.jpg\">\n\t\t\t\t\t<source media=\"(min-width: 768px)\" srcset=\"https:\/\/caldereriagurelan.com\/public\/media\/2026\/03\/IMG_0541.jpg\">\n\t\t\t\t\t<img decoding=\"async\" class=\"spectra-image-gallery__media-thumbnail spectra-image-gallery__media-thumbnail--carousel\" src=\"https:\/\/caldereriagurelan.com\/public\/media\/2026\/03\/IMG_0541.jpg\" alt=\"IMG\" loading=\"lazy\" \/>\n\t\t\t\t<\/picture>\n\t\t\t\t<div class=\"spectra-image-gallery__media-thumbnail-blurrer\"><\/div>\n\t\t\t\t\t\t\t\t\t\t\t<div class=\"spectra-image-gallery__media-thumbnail-caption-wrapper spectra-image-gallery__media-thumbnail-caption-wrapper--overlay\"><\/div>\n\t\t\t\t\t\t\t\t<\/div>\n\t\t\t\t\t\t<\/div>\n\t\t\t\t\t\t<div class='spectra-image-gallery__media-wrapper' data-spectra-gallery-image-id='549'>\n\t\t\t\t\t\t\t<div class=\"spectra-image-gallery__media spectra-image-gallery__media--carousel\">\n\t\t\t\t<picture>\n\t\t\t\t\t<source media=\"(min-width: 1024px)\" srcset=\"https:\/\/caldereriagurelan.com\/public\/media\/2026\/03\/IMG_0470.jpg\">\n\t\t\t\t\t<source media=\"(min-width: 768px)\" srcset=\"https:\/\/caldereriagurelan.com\/public\/media\/2026\/03\/IMG_0470.jpg\">\n\t\t\t\t\t<img decoding=\"async\" class=\"spectra-image-gallery__media-thumbnail spectra-image-gallery__media-thumbnail--carousel\" src=\"https:\/\/caldereriagurelan.com\/public\/media\/2026\/03\/IMG_0470.jpg\" alt=\"IMG\" loading=\"lazy\" \/>\n\t\t\t\t<\/picture>\n\t\t\t\t<div class=\"spectra-image-gallery__media-thumbnail-blurrer\"><\/div>\n\t\t\t\t\t\t\t\t\t\t\t<div class=\"spectra-image-gallery__media-thumbnail-caption-wrapper spectra-image-gallery__media-thumbnail-caption-wrapper--overlay\"><\/div>\n\t\t\t\t\t\t\t\t<\/div>\n\t\t\t\t\t\t<\/div>\n\t\t\t\t\t\t<div class='spectra-image-gallery__media-wrapper' data-spectra-gallery-image-id='552'>\n\t\t\t\t\t\t\t<div class=\"spectra-image-gallery__media spectra-image-gallery__media--carousel\">\n\t\t\t\t<picture>\n\t\t\t\t\t<source media=\"(min-width: 1024px)\" srcset=\"https:\/\/caldereriagurelan.com\/public\/media\/2026\/03\/DJI_20240925094740_0066_D.jpg\">\n\t\t\t\t\t<source media=\"(min-width: 768px)\" srcset=\"https:\/\/caldereriagurelan.com\/public\/media\/2026\/03\/DJI_20240925094740_0066_D.jpg\">\n\t\t\t\t\t<img decoding=\"async\" class=\"spectra-image-gallery__media-thumbnail spectra-image-gallery__media-thumbnail--carousel\" src=\"https:\/\/caldereriagurelan.com\/public\/media\/2026\/03\/DJI_20240925094740_0066_D.jpg\" alt=\"Default\" loading=\"lazy\" \/>\n\t\t\t\t<\/picture>\n\t\t\t\t<div class=\"spectra-image-gallery__media-thumbnail-blurrer\"><\/div>\n\t\t\t\t\t\t\t\t\t\t\t<div class=\"spectra-image-gallery__media-thumbnail-caption-wrapper spectra-image-gallery__media-thumbnail-caption-wrapper--overlay\"><\/div>\n\t\t\t\t\t\t\t\t<\/div>\n\t\t\t\t\t\t<\/div>\n\t\t\t\t\t\t\t\t\t\t\t<\/div>\n\t\t\t\t\t\t\t<\/div>\n\t\t\t\t\t\t\t\t\t\t\t<\/div>\n\t\t\t\t\t\t\t\t\t<\/div>\n<\/div><\/div>\n\n\n\n<div class=\"wp-block-uagb-container uagb-block-f3cbdb84 alignfull uagb-is-root-container\"><div class=\"uagb-container-inner-blocks-wrap\">\n<p class=\"has-text-align-center\">Unsere Vorteile<\/p>\n<\/div><\/div>\n\n\n\n<div class=\"wp-block-uagb-container uagb-block-e596ecf3 alignfull uagb-is-root-container\">\n<div class=\"wp-block-uagb-container uagb-block-a38aba52\">\n<p class=\"has-text-align-center has-x-large-font-size\">Erfahrung<\/p>\n<\/div>\n\n\n\n<div class=\"wp-block-uagb-container uagb-block-02f0be62\">\n<p class=\"has-text-align-center has-x-large-font-size\" style=\"font-style:normal;font-weight:100\">Qualit\u00e4t<\/p>\n<\/div>\n\n\n\n<div class=\"wp-block-uagb-container uagb-block-708da2f6\">\n<p class=\"has-text-align-center has-x-large-font-size\" style=\"font-style:normal;font-weight:900\">Kompromiss<\/p>\n<\/div>\n\n\n\n<div class=\"wp-block-uagb-container uagb-block-37063195\">\n<p class=\"has-text-align-center has-large-font-size\"><strong><em>Beratung und Zusammenarbeit<\/em><\/strong><\/p>\n<\/div>\n\n\n\n<div class=\"wp-block-uagb-container uagb-block-0b25284c\">\n<p class=\"has-text-align-center has-large-font-size\" style=\"text-decoration:underline\">Umfassende \u00dcberwachung<\/p>\n<\/div>\n\n\n\n<div class=\"wp-block-uagb-container uagb-block-caf7d094\">\n<p class=\"has-text-align-center has-large-font-size\">Vollst\u00e4ndige R\u00fcckverfolgbarkeit<\/p>\n<\/div>\n<\/div>\n\n\n\n<div class=\"wp-block-uagb-container uagb-block-6c85b0a5 alignfull uagb-is-root-container\"><div class=\"uagb-container-inner-blocks-wrap\">\n<h2 class=\"wp-block-heading has-text-align-center\">Prozesse<\/h2>\n\n\n<div id=\"flipbox-widget-462\" class=\"cfb_wrapper with-image flex-row\" data-flipboxid=\"flipbox-widget-462\" data-bootstrap-status=\"enable\" data-fontawesome-icons=\"enable\"><div class=\"flex-col-md-4 cfb-box-1 cfb-box-wrapper\">\n                            <div class=\"flipbox-container cfb-layout-2 cfb-flip cfb-hover\" data-effect=\"x\" data-height=\"equal\" >\n                            <div class=\"flipbox-front-layout cfb-data\">\n                                <div class=\"flipbox-img\"><img decoding=\"async\" src=\"https:\/\/caldereriagurelan.com\/public\/media\/2026\/03\/CONSTRUCCION.jpg\" alt=\"\" \/><\/div><\/div>\n                            <div class=\"flipbox-back-layout cfb-data\" style=\"background:#e73842\">\n                            <h4>KONSTRUKTION<\/h4>\n                                <p>Stahlkonstruktionen in Gr\u00f6\u00dfenordnungen bis 200 Tonnen<\/p><\/div>\n                            <\/div>\n                        <\/div><div class=\"flex-col-md-4 cfb-box-2 cfb-box-wrapper\">\n                            <div class=\"flipbox-container cfb-layout-2 cfb-flip cfb-hover\" data-effect=\"x\" data-height=\"equal\" >\n                            <div class=\"flipbox-front-layout cfb-data\">\n                                <div class=\"flipbox-img\"><img decoding=\"async\" src=\"https:\/\/caldereriagurelan.com\/public\/media\/2026\/03\/LO79095-1-1.jpg\" alt=\"\" \/><\/div><\/div>\n                            <div class=\"flipbox-back-layout cfb-data\" style=\"background:#e73842\">\n                            <h4>SCHWEISSEN<\/h4>\n                                <p>J\u00e4hrliche Kapazit\u00e4t von 12.000 Tonnen<\/p><\/div>\n                            <\/div>\n                        <\/div><div class=\"flex-col-md-4 cfb-box-3 cfb-box-wrapper\">\n                            <div class=\"flipbox-container cfb-layout-2 cfb-flip cfb-hover\" data-effect=\"x\" data-height=\"equal\" >\n                            <div class=\"flipbox-front-layout cfb-data\">\n                                <div class=\"flipbox-img\"><img decoding=\"async\" src=\"https:\/\/caldereriagurelan.com\/public\/media\/2026\/03\/LO80597-1.jpg\" alt=\"\" \/><\/div><\/div>\n                            <div class=\"flipbox-back-layout cfb-data\" style=\"background:#e73842\">\n                            <h4>SPANNUNGSARMGL\u00dcHEN<\/h4>\n                                <p>Ma\u00dfen von unserem Gl\u00fchofen: 11,9 Meter x 6,2 Meter x 4,5 Meter<\/p><\/div>\n                            <\/div>\n                        <\/div><div class=\"flex-col-md-4 cfb-box-4 cfb-box-wrapper\">\n                            <div class=\"flipbox-container cfb-layout-2 cfb-flip cfb-hover\" data-effect=\"x\" data-height=\"equal\" >\n                            <div class=\"flipbox-front-layout cfb-data\">\n                                <div class=\"flipbox-img\"><img decoding=\"async\" src=\"https:\/\/caldereriagurelan.com\/public\/media\/2026\/03\/IMG_5733.jpg\" alt=\"\" \/><\/div><\/div>\n                            <div class=\"flipbox-back-layout cfb-data\" style=\"background:#e73842\">\n                            <h4>CNC-BEARBEITUNG<\/h4>\n                                <p>Soraluce Fahrst\u00e4nderfr\u00e4smaschine FXR.\r\nVerfahrweg 12 Meter x 4,5 Meter H...<\/p><\/div>\n                            <\/div>\n                        <\/div><div class=\"flex-col-md-4 cfb-box-5 cfb-box-wrapper\">\n                            <div class=\"flipbox-container cfb-layout-2 cfb-flip cfb-hover\" data-effect=\"x\" data-height=\"equal\" >\n                            <div class=\"flipbox-front-layout cfb-data\">\n                                <div class=\"flipbox-img\"><img decoding=\"async\" src=\"https:\/\/caldereriagurelan.com\/public\/media\/2026\/03\/MONTAJE-FINAL.jpg\" alt=\"\" \/><\/div><\/div>\n                            <div class=\"flipbox-back-layout cfb-data\" style=\"background:#e73842\">\n                            <h4>MONTAGE<\/h4>\n                                <p>Montage von Maschinenelementen<\/p><\/div>\n                            <\/div>\n                        <\/div><div class=\"flex-col-md-4 cfb-box-6 cfb-box-wrapper\">\n                            <div class=\"flipbox-container cfb-layout-2 cfb-flip cfb-hover\" data-effect=\"x\" data-height=\"equal\" >\n                            <div class=\"flipbox-front-layout cfb-data\">\n                                <div class=\"flipbox-img\"><img decoding=\"async\" src=\"https:\/\/caldereriagurelan.com\/public\/media\/2026\/03\/PINTURA.jpg\" alt=\"\" \/><\/div><\/div>\n                            <div class=\"flipbox-back-layout cfb-data\" style=\"background:#e73842\">\n                            <h4>LACKIERUNG<\/h4>\n                                <p>300 Quadratmeter Lackieranlage<\/p><\/div>\n                            <\/div>\n                        <\/div><\/div>\n<\/div><\/div>\n\n\n\n<div id=\"sectores\" class=\"wp-block-uagb-container animated fadeInUp uagb-block-7303f461 alignfull uagb-is-root-container\"><div class=\"uagb-container-inner-blocks-wrap\">\n<div class=\"wp-block-uagb-container uagb-block-9d7797fe\">\n<p class=\"has-text-align-center has-blanco-color has-text-color has-link-color wp-elements-3cb0e5179b0e93ca6457c954a529ddb5\">Branchen<\/p>\n<\/div>\n<\/div><\/div>\n\n\n\n<div class=\"wp-block-uagb-container animated fadeInUp uagb-block-add4c4e3 alignfull uagb-is-root-container\"><div class=\"uagb-container-inner-blocks-wrap\">\n<div class=\"wp-block-uagb-container uagb-block-5a182041\">\n<div class=\"wp-block-uagb-team uagb-team__image-position-above uagb-team__align-center uagb-team__stack-tablet uagb-block-7f7e53db\"><div class=\"uagb-team__content\"><img decoding=\"async\" class=\"uagb-team__image-crop-circle\" src=\"http:\/\/caldereriagurelan.com\/public\/media\/2024\/09\/maquina-herramienta-150x150.png\" alt=\"\" height=\"100\" width=\"100\" loading=\"lazy\"\/><h3 class=\"uagb-team__title\">Maschinenbau<\/h3><span class=\"uagb-team__prefix\"><\/span><p class=\"uagb-team__desc\"><\/p><\/div><\/div>\n<\/div>\n\n\n\n<div class=\"wp-block-uagb-container uagb-block-ce9ed017\">\n<div class=\"wp-block-uagb-team uagb-team__image-position-above uagb-team__align-center uagb-team__stack-tablet uagb-block-8a8c4ffc\"><div class=\"uagb-team__content\"><img decoding=\"async\" class=\"uagb-team__image-crop-circle\" src=\"http:\/\/caldereriagurelan.com\/public\/media\/2024\/09\/renovables-150x150.png\" alt=\"\" height=\"100\" width=\"100\" loading=\"lazy\"\/><h3 class=\"uagb-team__title\">Erneubare Energien<\/h3><span class=\"uagb-team__prefix\"><\/span><p class=\"uagb-team__desc\"><\/p><\/div><\/div>\n<\/div>\n\n\n\n<div class=\"wp-block-uagb-container uagb-block-0bd8bf01\">\n<div class=\"wp-block-uagb-team uagb-team__image-position-above uagb-team__align-center uagb-team__stack-tablet uagb-block-f86ecbf1\"><div class=\"uagb-team__content\"><img decoding=\"async\" class=\"uagb-team__image-crop-circle\" src=\"http:\/\/caldereriagurelan.com\/public\/media\/2024\/09\/defensa-150x150.png\" alt=\"\" height=\"100\" width=\"100\" loading=\"lazy\"\/><h3 class=\"uagb-team__title\">Sicherheits- und Verteidigungsbereich<\/h3><span class=\"uagb-team__prefix\"><\/span><p class=\"uagb-team__desc\"><\/p><\/div><\/div>\n<\/div>\n\n\n\n<div class=\"wp-block-uagb-container uagb-block-bfd45cc7\">\n<div class=\"wp-block-uagb-team uagb-team__image-position-above uagb-team__align-center uagb-team__stack-tablet uagb-block-1816ab97\"><div class=\"uagb-team__content\"><img decoding=\"async\" class=\"uagb-team__image-crop-circle\" src=\"http:\/\/caldereriagurelan.com\/public\/media\/2024\/09\/energia-150x150.png\" alt=\"\" height=\"100\" width=\"100\" loading=\"lazy\"\/><h3 class=\"uagb-team__title\">Stromerzeugung<\/h3><span class=\"uagb-team__prefix\"><\/span><p class=\"uagb-team__desc\"><\/p><\/div><\/div>\n<\/div>\n<\/div><\/div>\n\n\n\n<div class=\"wp-block-uagb-container animated fadeInUp uagb-block-6575e74e alignfull uagb-is-root-container\"><div class=\"uagb-container-inner-blocks-wrap\">\n<div class=\"wp-block-uagb-container uagb-block-d1bb95d2\">\n<div class=\"wp-block-uagb-team uagb-team__image-position-above uagb-team__align-center uagb-team__stack-tablet uagb-block-d287a195\"><div class=\"uagb-team__content\"><img decoding=\"async\" class=\"uagb-team__image-crop-circle\" src=\"http:\/\/caldereriagurelan.com\/public\/media\/2024\/09\/siderurgia-150x150.png\" alt=\"\" height=\"100\" width=\"100\" loading=\"lazy\"\/><h3 class=\"uagb-team__title\">Eisen- und Stahlindustrie<\/h3><span class=\"uagb-team__prefix\"><\/span><p class=\"uagb-team__desc\"><\/p><\/div><\/div>\n<\/div>\n\n\n\n<div class=\"wp-block-uagb-container uagb-block-95c792a3\">\n<div class=\"wp-block-uagb-team uagb-team__image-position-above uagb-team__align-center uagb-team__stack-tablet uagb-block-1f947499\"><div class=\"uagb-team__content\"><img decoding=\"async\" class=\"uagb-team__image-crop-circle\" src=\"http:\/\/caldereriagurelan.com\/public\/media\/2024\/09\/papel-150x150.png\" alt=\"\" height=\"100\" width=\"100\" loading=\"lazy\"\/><h3 class=\"uagb-team__title\">Papierindustrie<\/h3><span class=\"uagb-team__prefix\"><\/span><p class=\"uagb-team__desc\"><\/p><\/div><\/div>\n<\/div>\n\n\n\n<div class=\"wp-block-uagb-container uagb-block-8941490f\">\n<div class=\"wp-block-uagb-team uagb-team__image-position-above uagb-team__align-center uagb-team__stack-tablet uagb-block-133951af\"><div class=\"uagb-team__content\"><img decoding=\"async\" class=\"uagb-team__image-crop-circle\" src=\"http:\/\/caldereriagurelan.com\/public\/media\/2024\/10\/reciclaje-1-150x150.png\" alt=\"\" height=\"100\" width=\"100\" loading=\"lazy\"\/><h3 class=\"uagb-team__title\">Recycling<\/h3><span class=\"uagb-team__prefix\"><\/span><p class=\"uagb-team__desc\"><\/p><\/div><\/div>\n<\/div>\n\n\n\n<div class=\"wp-block-uagb-container uagb-block-c3d3000f\"><\/div>\n<\/div><\/div>\n","protected":false},"excerpt":{"rendered":"<p>CALDERER\u00cdA GURELAN SA Sie haben die Idee &#8211; Wir setzen sie um. Stahlbau Seit 1976 auf die Herstellung und Ausf\u00fchrung von Stahlkonstruktionen in Gr\u00f6\u00dfenordnungen bis 200 Tonnen spezialisiert. Mit einer j\u00e4hrlichen Produktionskapazit\u00e4t von 12.000 Tonnen. Unser Unternehmen ist auf die Bereitstellung schl\u00fcsselfertiger L\u00f6sungen spezialisiert und deckt unter anderen folgende Prozesse ab: Materialbeschaffung, Konstruktion und Schwei\u00dfen, [&hellip;]<\/p>\n","protected":false},"author":1,"featured_media":0,"parent":0,"menu_order":0,"comment_status":"closed","ping_status":"closed","template":"homepage.php","meta":{"_uag_custom_page_level_css":"","slim_seo":{"description":"Especializados en la fabricaci\u00f3n de productos llave en mano: Material, construcci\u00f3n y soldadura, montaje, mecanizado\u2026","title":"Gurelan - Calderer\u00eda - Estampaci\u00f3n, Reciclaje, Renovable, Defensa, M\u00e1quina Herramienta,Automoci\u00f3n."},"footnotes":""},"class_list":["post-463","page","type-page","status-publish","hentry"],"uagb_featured_image_src":{"full":false,"thumbnail":false,"medium":false,"medium_large":false,"large":false,"1536x1536":false,"2048x2048":false},"uagb_author_info":{"display_name":"axliweb","author_link":"https:\/\/caldereriagurelan.com\/de\/author\/axliweb\/"},"uagb_comment_info":0,"uagb_excerpt":"CALDERER\u00cdA GURELAN SA Sie haben die Idee &#8211; Wir setzen sie um. Stahlbau Seit 1976 auf die Herstellung und Ausf\u00fchrung von Stahlkonstruktionen in Gr\u00f6\u00dfenordnungen bis 200 Tonnen spezialisiert. Mit einer j\u00e4hrlichen Produktionskapazit\u00e4t von 12.000 Tonnen. Unser Unternehmen ist auf die Bereitstellung schl\u00fcsselfertiger L\u00f6sungen spezialisiert und deckt unter anderen folgende Prozesse ab: Materialbeschaffung, Konstruktion und Schwei\u00dfen,&hellip;","_links":{"self":[{"href":"https:\/\/caldereriagurelan.com\/de\/wp-json\/wp\/v2\/pages\/463","targetHints":{"allow":["GET"]}}],"collection":[{"href":"https:\/\/caldereriagurelan.com\/de\/wp-json\/wp\/v2\/pages"}],"about":[{"href":"https:\/\/caldereriagurelan.com\/de\/wp-json\/wp\/v2\/types\/page"}],"author":[{"embeddable":true,"href":"https:\/\/caldereriagurelan.com\/de\/wp-json\/wp\/v2\/users\/1"}],"replies":[{"embeddable":true,"href":"https:\/\/caldereriagurelan.com\/de\/wp-json\/wp\/v2\/comments?post=463"}],"version-history":[{"count":4,"href":"https:\/\/caldereriagurelan.com\/de\/wp-json\/wp\/v2\/pages\/463\/revisions"}],"predecessor-version":[{"id":560,"href":"https:\/\/caldereriagurelan.com\/de\/wp-json\/wp\/v2\/pages\/463\/revisions\/560"}],"wp:attachment":[{"href":"https:\/\/caldereriagurelan.com\/de\/wp-json\/wp\/v2\/media?parent=463"}],"curies":[{"name":"wp","href":"https:\/\/api.w.org\/{rel}","templated":true}]}}