{"id":396,"date":"2024-09-30T12:07:14","date_gmt":"2024-09-30T10:07:14","guid":{"rendered":"https:\/\/caldereriagurelan.com\/inicio\/"},"modified":"2026-03-18T20:32:04","modified_gmt":"2026-03-18T19:32:04","slug":"inicio","status":"publish","type":"page","link":"https:\/\/caldereriagurelan.com\/en\/","title":{"rendered":"Home"},"content":{"rendered":"\n<div class=\"wp-block-uagb-container animated fadeIn slower uagb-block-41c04e63 alignfull uagb-is-root-container\"><div class=\"uagb-container__video-wrap\"><video autoplay loop muted playsinline><source src=\"http:\/\/caldereriagurelan.com\/public\/media\/2024\/10\/Gurelan24-hero.mp4\" type=\"video\/mp4\"\/><\/video><\/div><div class=\"uagb-container-inner-blocks-wrap\">\n<figure class=\"wp-block-image aligncenter size-full is-resized\"><a class=\"vp-a vp-yt-type\" href=\"https:\/\/www.youtube.com\/watch?v=VaZRYDM6As8\"><img loading=\"lazy\" decoding=\"async\" width=\"543\" height=\"543\" src=\"http:\/\/caldereriagurelan.com\/public\/media\/2024\/10\/play.png\" alt=\"\" class=\"wp-image-77\" style=\"width:52px;height:auto\" srcset=\"https:\/\/caldereriagurelan.com\/public\/media\/2024\/10\/play.png 543w, https:\/\/caldereriagurelan.com\/public\/media\/2024\/10\/play-300x300.png 300w, https:\/\/caldereriagurelan.com\/public\/media\/2024\/10\/play-150x150.png 150w\" sizes=\"auto, (max-width: 543px) 100vw, 543px\" \/><\/a><\/figure>\n\n\n\n<h1 class=\"wp-block-heading has-text-align-center has-blanco-color has-text-color has-link-color wp-elements-c4abe7b11a2c0105bdba77ed2c4ce9a2\">CALDERER\u00cdA GURELAN SA<\/h1>\n\n\n\n<h2 class=\"wp-block-heading has-text-align-center has-blanco-color has-text-color has-link-color wp-elements-49cff6d40f915bf9ba4bf41fe3a6d7a3\">If you can imagine it,<br>we&#8217;ll <mark style=\"background-color:rgba(0, 0, 0, 0)\" class=\"has-inline-color has-rojo-color\">make it<\/mark>.<\/h2>\n<\/div><\/div>\n\n\n\n<div class=\"wp-block-uagb-container uagb-block-5f04e235 alignfull uagb-is-root-container\"><div class=\"uagb-container-inner-blocks-wrap\">\n<div data-aos= \"fade-right\" data-aos-duration=\"400\" data-aos-delay=\"0\" data-aos-easing=\"ease\" data-aos-once=\"true\" class=\"wp-block-uagb-container animated fadeInLeft uagb-block-486f6f8b\">\n<h2 class=\"wp-block-heading has-text-align-right has-blanco-color has-text-color has-link-color wp-elements-70cf20a59e6265d0188e736f927ba8f9\">Construction of metal structures<\/h2>\n<\/div>\n\n\n\n<div data-aos= \"fade-left\" data-aos-duration=\"400\" data-aos-delay=\"0\" data-aos-easing=\"ease\" data-aos-once=\"true\" class=\"wp-block-uagb-container animated fadeInRight uagb-block-6d160501\">\n<p class=\"has-text-align-left has-blanco-color has-text-color has-link-color wp-elements-2e855f45c6c425a33e148de3f2126bc7\">Since 1976 we have created carbon steel structures weighting up to 200 Tn (tonnes).<br><br>Manufacturing capacity for 12,000 tonnes a year.<br><br>Specialised in producing turnkey products: materials, construction and welding, assembly, machining and so on.<\/p>\n\n\n\t\t\t\t\t<div\n\t\t\t\t\t\tclass=\"wp-block-uagb-image-gallery uagb-block-540d637c     \"\n\t\t\t\t\t\tstyle=\"\"\n\t\t\t\t\t>\n\t\t\t\t\t\t\t\t\t\t\t<div class=\"spectra-image-gallery spectra-image-gallery__layout--carousel\">\n\t\t\t\t\t\t\t\t<div class=\"uagb-slick-carousel uagb-block-540d637c\">\n\t\t\t\t\t\t\t\t\t\t\t\t<div class='spectra-image-gallery__media-wrapper' data-spectra-gallery-image-id='528'>\n\t\t\t\t\t\t\t<div class=\"spectra-image-gallery__media spectra-image-gallery__media--carousel\">\n\t\t\t\t<picture>\n\t\t\t\t\t<source media=\"(min-width: 1024px)\" srcset=\"https:\/\/caldereriagurelan.com\/public\/media\/2026\/03\/IMG_3047.jpg\">\n\t\t\t\t\t<source media=\"(min-width: 768px)\" srcset=\"https:\/\/caldereriagurelan.com\/public\/media\/2026\/03\/IMG_3047.jpg\">\n\t\t\t\t\t<img decoding=\"async\" class=\"spectra-image-gallery__media-thumbnail spectra-image-gallery__media-thumbnail--carousel\" src=\"https:\/\/caldereriagurelan.com\/public\/media\/2026\/03\/IMG_3047.jpg\" alt=\"IMG\" loading=\"lazy\" \/>\n\t\t\t\t<\/picture>\n\t\t\t\t<div class=\"spectra-image-gallery__media-thumbnail-blurrer\"><\/div>\n\t\t\t\t\t\t\t\t\t\t\t<div class=\"spectra-image-gallery__media-thumbnail-caption-wrapper spectra-image-gallery__media-thumbnail-caption-wrapper--overlay\"><\/div>\n\t\t\t\t\t\t\t\t<\/div>\n\t\t\t\t\t\t<\/div>\n\t\t\t\t\t\t<div class='spectra-image-gallery__media-wrapper' data-spectra-gallery-image-id='531'>\n\t\t\t\t\t\t\t<div class=\"spectra-image-gallery__media spectra-image-gallery__media--carousel\">\n\t\t\t\t<picture>\n\t\t\t\t\t<source media=\"(min-width: 1024px)\" srcset=\"https:\/\/caldereriagurelan.com\/public\/media\/2026\/03\/LO79132-1.jpg\">\n\t\t\t\t\t<source media=\"(min-width: 768px)\" srcset=\"https:\/\/caldereriagurelan.com\/public\/media\/2026\/03\/LO79132-1.jpg\">\n\t\t\t\t\t<img decoding=\"async\" class=\"spectra-image-gallery__media-thumbnail spectra-image-gallery__media-thumbnail--carousel\" src=\"https:\/\/caldereriagurelan.com\/public\/media\/2026\/03\/LO79132-1.jpg\" alt=\"LO79132\" loading=\"lazy\" \/>\n\t\t\t\t<\/picture>\n\t\t\t\t<div class=\"spectra-image-gallery__media-thumbnail-blurrer\"><\/div>\n\t\t\t\t\t\t\t\t\t\t\t<div class=\"spectra-image-gallery__media-thumbnail-caption-wrapper spectra-image-gallery__media-thumbnail-caption-wrapper--overlay\"><\/div>\n\t\t\t\t\t\t\t\t<\/div>\n\t\t\t\t\t\t<\/div>\n\t\t\t\t\t\t<div class='spectra-image-gallery__media-wrapper' data-spectra-gallery-image-id='534'>\n\t\t\t\t\t\t\t<div class=\"spectra-image-gallery__media spectra-image-gallery__media--carousel\">\n\t\t\t\t<picture>\n\t\t\t\t\t<source media=\"(min-width: 1024px)\" srcset=\"https:\/\/caldereriagurelan.com\/public\/media\/2026\/03\/LO79095-1.jpg\">\n\t\t\t\t\t<source media=\"(min-width: 768px)\" srcset=\"https:\/\/caldereriagurelan.com\/public\/media\/2026\/03\/LO79095-1.jpg\">\n\t\t\t\t\t<img decoding=\"async\" class=\"spectra-image-gallery__media-thumbnail spectra-image-gallery__media-thumbnail--carousel\" src=\"https:\/\/caldereriagurelan.com\/public\/media\/2026\/03\/LO79095-1.jpg\" alt=\"LO79095\" loading=\"lazy\" \/>\n\t\t\t\t<\/picture>\n\t\t\t\t<div class=\"spectra-image-gallery__media-thumbnail-blurrer\"><\/div>\n\t\t\t\t\t\t\t\t\t\t\t<div class=\"spectra-image-gallery__media-thumbnail-caption-wrapper spectra-image-gallery__media-thumbnail-caption-wrapper--overlay\"><\/div>\n\t\t\t\t\t\t\t\t<\/div>\n\t\t\t\t\t\t<\/div>\n\t\t\t\t\t\t<div class='spectra-image-gallery__media-wrapper' data-spectra-gallery-image-id='537'>\n\t\t\t\t\t\t\t<div class=\"spectra-image-gallery__media spectra-image-gallery__media--carousel\">\n\t\t\t\t<picture>\n\t\t\t\t\t<source media=\"(min-width: 1024px)\" srcset=\"https:\/\/caldereriagurelan.com\/public\/media\/2026\/03\/IMG_2904.jpg\">\n\t\t\t\t\t<source media=\"(min-width: 768px)\" srcset=\"https:\/\/caldereriagurelan.com\/public\/media\/2026\/03\/IMG_2904.jpg\">\n\t\t\t\t\t<img decoding=\"async\" class=\"spectra-image-gallery__media-thumbnail spectra-image-gallery__media-thumbnail--carousel\" src=\"https:\/\/caldereriagurelan.com\/public\/media\/2026\/03\/IMG_2904.jpg\" alt=\"IMG\" loading=\"lazy\" \/>\n\t\t\t\t<\/picture>\n\t\t\t\t<div class=\"spectra-image-gallery__media-thumbnail-blurrer\"><\/div>\n\t\t\t\t\t\t\t\t\t\t\t<div class=\"spectra-image-gallery__media-thumbnail-caption-wrapper spectra-image-gallery__media-thumbnail-caption-wrapper--overlay\"><\/div>\n\t\t\t\t\t\t\t\t<\/div>\n\t\t\t\t\t\t<\/div>\n\t\t\t\t\t\t<div class='spectra-image-gallery__media-wrapper' data-spectra-gallery-image-id='540'>\n\t\t\t\t\t\t\t<div class=\"spectra-image-gallery__media spectra-image-gallery__media--carousel\">\n\t\t\t\t<picture>\n\t\t\t\t\t<source media=\"(min-width: 1024px)\" srcset=\"https:\/\/caldereriagurelan.com\/public\/media\/2026\/03\/IMG_2774.jpg\">\n\t\t\t\t\t<source media=\"(min-width: 768px)\" srcset=\"https:\/\/caldereriagurelan.com\/public\/media\/2026\/03\/IMG_2774.jpg\">\n\t\t\t\t\t<img decoding=\"async\" class=\"spectra-image-gallery__media-thumbnail spectra-image-gallery__media-thumbnail--carousel\" src=\"https:\/\/caldereriagurelan.com\/public\/media\/2026\/03\/IMG_2774.jpg\" alt=\"IMG\" loading=\"lazy\" \/>\n\t\t\t\t<\/picture>\n\t\t\t\t<div class=\"spectra-image-gallery__media-thumbnail-blurrer\"><\/div>\n\t\t\t\t\t\t\t\t\t\t\t<div class=\"spectra-image-gallery__media-thumbnail-caption-wrapper spectra-image-gallery__media-thumbnail-caption-wrapper--overlay\"><\/div>\n\t\t\t\t\t\t\t\t<\/div>\n\t\t\t\t\t\t<\/div>\n\t\t\t\t\t\t<div class='spectra-image-gallery__media-wrapper' data-spectra-gallery-image-id='543'>\n\t\t\t\t\t\t\t<div class=\"spectra-image-gallery__media spectra-image-gallery__media--carousel\">\n\t\t\t\t<picture>\n\t\t\t\t\t<source media=\"(min-width: 1024px)\" srcset=\"https:\/\/caldereriagurelan.com\/public\/media\/2026\/03\/IMG_2444.jpg\">\n\t\t\t\t\t<source media=\"(min-width: 768px)\" srcset=\"https:\/\/caldereriagurelan.com\/public\/media\/2026\/03\/IMG_2444.jpg\">\n\t\t\t\t\t<img decoding=\"async\" class=\"spectra-image-gallery__media-thumbnail spectra-image-gallery__media-thumbnail--carousel\" src=\"https:\/\/caldereriagurelan.com\/public\/media\/2026\/03\/IMG_2444.jpg\" alt=\"IMG\" loading=\"lazy\" \/>\n\t\t\t\t<\/picture>\n\t\t\t\t<div class=\"spectra-image-gallery__media-thumbnail-blurrer\"><\/div>\n\t\t\t\t\t\t\t\t\t\t\t<div class=\"spectra-image-gallery__media-thumbnail-caption-wrapper spectra-image-gallery__media-thumbnail-caption-wrapper--overlay\"><\/div>\n\t\t\t\t\t\t\t\t<\/div>\n\t\t\t\t\t\t<\/div>\n\t\t\t\t\t\t<div class='spectra-image-gallery__media-wrapper' data-spectra-gallery-image-id='546'>\n\t\t\t\t\t\t\t<div class=\"spectra-image-gallery__media spectra-image-gallery__media--carousel\">\n\t\t\t\t<picture>\n\t\t\t\t\t<source media=\"(min-width: 1024px)\" srcset=\"https:\/\/caldereriagurelan.com\/public\/media\/2026\/03\/IMG_0541.jpg\">\n\t\t\t\t\t<source media=\"(min-width: 768px)\" srcset=\"https:\/\/caldereriagurelan.com\/public\/media\/2026\/03\/IMG_0541.jpg\">\n\t\t\t\t\t<img decoding=\"async\" class=\"spectra-image-gallery__media-thumbnail spectra-image-gallery__media-thumbnail--carousel\" src=\"https:\/\/caldereriagurelan.com\/public\/media\/2026\/03\/IMG_0541.jpg\" alt=\"IMG\" loading=\"lazy\" \/>\n\t\t\t\t<\/picture>\n\t\t\t\t<div class=\"spectra-image-gallery__media-thumbnail-blurrer\"><\/div>\n\t\t\t\t\t\t\t\t\t\t\t<div class=\"spectra-image-gallery__media-thumbnail-caption-wrapper spectra-image-gallery__media-thumbnail-caption-wrapper--overlay\"><\/div>\n\t\t\t\t\t\t\t\t<\/div>\n\t\t\t\t\t\t<\/div>\n\t\t\t\t\t\t<div class='spectra-image-gallery__media-wrapper' data-spectra-gallery-image-id='549'>\n\t\t\t\t\t\t\t<div class=\"spectra-image-gallery__media spectra-image-gallery__media--carousel\">\n\t\t\t\t<picture>\n\t\t\t\t\t<source media=\"(min-width: 1024px)\" srcset=\"https:\/\/caldereriagurelan.com\/public\/media\/2026\/03\/IMG_0470.jpg\">\n\t\t\t\t\t<source media=\"(min-width: 768px)\" srcset=\"https:\/\/caldereriagurelan.com\/public\/media\/2026\/03\/IMG_0470.jpg\">\n\t\t\t\t\t<img decoding=\"async\" class=\"spectra-image-gallery__media-thumbnail spectra-image-gallery__media-thumbnail--carousel\" src=\"https:\/\/caldereriagurelan.com\/public\/media\/2026\/03\/IMG_0470.jpg\" alt=\"IMG\" loading=\"lazy\" \/>\n\t\t\t\t<\/picture>\n\t\t\t\t<div class=\"spectra-image-gallery__media-thumbnail-blurrer\"><\/div>\n\t\t\t\t\t\t\t\t\t\t\t<div class=\"spectra-image-gallery__media-thumbnail-caption-wrapper spectra-image-gallery__media-thumbnail-caption-wrapper--overlay\"><\/div>\n\t\t\t\t\t\t\t\t<\/div>\n\t\t\t\t\t\t<\/div>\n\t\t\t\t\t\t<div class='spectra-image-gallery__media-wrapper' data-spectra-gallery-image-id='552'>\n\t\t\t\t\t\t\t<div class=\"spectra-image-gallery__media spectra-image-gallery__media--carousel\">\n\t\t\t\t<picture>\n\t\t\t\t\t<source media=\"(min-width: 1024px)\" srcset=\"https:\/\/caldereriagurelan.com\/public\/media\/2026\/03\/DJI_20240925094740_0066_D.jpg\">\n\t\t\t\t\t<source media=\"(min-width: 768px)\" srcset=\"https:\/\/caldereriagurelan.com\/public\/media\/2026\/03\/DJI_20240925094740_0066_D.jpg\">\n\t\t\t\t\t<img decoding=\"async\" class=\"spectra-image-gallery__media-thumbnail spectra-image-gallery__media-thumbnail--carousel\" src=\"https:\/\/caldereriagurelan.com\/public\/media\/2026\/03\/DJI_20240925094740_0066_D.jpg\" alt=\"Default\" loading=\"lazy\" \/>\n\t\t\t\t<\/picture>\n\t\t\t\t<div class=\"spectra-image-gallery__media-thumbnail-blurrer\"><\/div>\n\t\t\t\t\t\t\t\t\t\t\t<div class=\"spectra-image-gallery__media-thumbnail-caption-wrapper spectra-image-gallery__media-thumbnail-caption-wrapper--overlay\"><\/div>\n\t\t\t\t\t\t\t\t<\/div>\n\t\t\t\t\t\t<\/div>\n\t\t\t\t\t\t\t\t\t\t\t<\/div>\n\t\t\t\t\t\t\t<\/div>\n\t\t\t\t\t\t\t\t\t\t\t<\/div>\n\t\t\t\t\t\t\t\t\t<\/div>\n<\/div><\/div>\n\n\n\n<div class=\"wp-block-uagb-container uagb-block-f3cbdb84 alignfull uagb-is-root-container\"><div class=\"uagb-container-inner-blocks-wrap\">\n<p class=\"has-text-align-center\">We offer<\/p>\n<\/div><\/div>\n\n\n\n<div class=\"wp-block-uagb-container uagb-block-e596ecf3 alignfull uagb-is-root-container\">\n<div class=\"wp-block-uagb-container uagb-block-a38aba52\">\n<p class=\"has-text-align-center has-x-large-font-size\">Experience<\/p>\n<\/div>\n\n\n\n<div class=\"wp-block-uagb-container uagb-block-02f0be62\">\n<p class=\"has-text-align-center has-x-large-font-size\" style=\"font-style:normal;font-weight:100\">Quality<\/p>\n<\/div>\n\n\n\n<div class=\"wp-block-uagb-container uagb-block-708da2f6\">\n<p class=\"has-text-align-center has-x-large-font-size\" style=\"font-style:normal;font-weight:900\">Commitment<\/p>\n<\/div>\n\n\n\n<div class=\"wp-block-uagb-container uagb-block-37063195\">\n<p class=\"has-text-align-center has-large-font-size\"><strong><em>Advice and collaboration<\/em><\/strong><\/p>\n<\/div>\n\n\n\n<div class=\"wp-block-uagb-container uagb-block-0b25284c\">\n<p class=\"has-text-align-center has-large-font-size\" style=\"text-decoration:underline\">Comprehensive supervision<\/p>\n<\/div>\n\n\n\n<div class=\"wp-block-uagb-container uagb-block-caf7d094\">\n<p class=\"has-text-align-center has-large-font-size\">Full traceability<\/p>\n<\/div>\n<\/div>\n\n\n\n<div class=\"wp-block-uagb-container uagb-block-6c85b0a5 alignfull uagb-is-root-container\"><div class=\"uagb-container-inner-blocks-wrap\">\n<h2 class=\"wp-block-heading has-text-align-center\">Processes<\/h2>\n\n\n<div id=\"flipbox-widget-461\" class=\"cfb_wrapper with-image flex-row\" data-flipboxid=\"flipbox-widget-461\" data-bootstrap-status=\"enable\" data-fontawesome-icons=\"enable\"><div class=\"flex-col-md-4 cfb-box-1 cfb-box-wrapper\">\n                            <div class=\"flipbox-container cfb-layout-2 cfb-flip cfb-hover\" data-effect=\"x\" data-height=\"equal\" >\n                            <div class=\"flipbox-front-layout cfb-data\">\n                                <div class=\"flipbox-img\"><img decoding=\"async\" src=\"https:\/\/caldereriagurelan.com\/public\/media\/2026\/03\/CONSTRUCCION.jpg\" alt=\"\" \/><\/div><\/div>\n                            <div class=\"flipbox-back-layout cfb-data\" style=\"background:#e73842\">\n                            <h4>CONSTRUCTION<\/h4>\n                                <p>Structures up to 200 Tn<\/p><\/div>\n                            <\/div>\n                        <\/div><div class=\"flex-col-md-4 cfb-box-2 cfb-box-wrapper\">\n                            <div class=\"flipbox-container cfb-layout-2 cfb-flip cfb-hover\" data-effect=\"x\" data-height=\"equal\" >\n                            <div class=\"flipbox-front-layout cfb-data\">\n                                <div class=\"flipbox-img\"><img decoding=\"async\" src=\"https:\/\/caldereriagurelan.com\/public\/media\/2026\/03\/LO79095-1-1.jpg\" alt=\"\" \/><\/div><\/div>\n                            <div class=\"flipbox-back-layout cfb-data\" style=\"background:#e73842\">\n                            <h4>WELDING<\/h4>\n                                <p>Capacity for 12000 tonnes a year<\/p><\/div>\n                            <\/div>\n                        <\/div><div class=\"flex-col-md-4 cfb-box-3 cfb-box-wrapper\">\n                            <div class=\"flipbox-container cfb-layout-2 cfb-flip cfb-hover\" data-effect=\"x\" data-height=\"equal\" >\n                            <div class=\"flipbox-front-layout cfb-data\">\n                                <div class=\"flipbox-img\"><img decoding=\"async\" src=\"https:\/\/caldereriagurelan.com\/public\/media\/2026\/03\/LO80597-1.jpg\" alt=\"\" \/><\/div><\/div>\n                            <div class=\"flipbox-back-layout cfb-data\" style=\"background:#e73842\">\n                            <h4>HEAT TREATMENT<\/h4>\n                                <p>Furnace 11.9 metres x 6.2 metres x 4.5 metres<\/p><\/div>\n                            <\/div>\n                        <\/div><div class=\"flex-col-md-4 cfb-box-4 cfb-box-wrapper\">\n                            <div class=\"flipbox-container cfb-layout-2 cfb-flip cfb-hover\" data-effect=\"x\" data-height=\"equal\" >\n                            <div class=\"flipbox-front-layout cfb-data\">\n                                <div class=\"flipbox-img\"><img decoding=\"async\" src=\"https:\/\/caldereriagurelan.com\/public\/media\/2026\/03\/IMG_5733.jpg\" alt=\"\" \/><\/div><\/div>\n                            <div class=\"flipbox-back-layout cfb-data\" style=\"background:#e73842\">\n                            <h4>MACHINING<\/h4>\n                                <p>Soraluce FXR milling-boring machine. \r\nTravel 12 metres x 4.5 metres wit...<\/p><\/div>\n                            <\/div>\n                        <\/div><div class=\"flex-col-md-4 cfb-box-5 cfb-box-wrapper\">\n                            <div class=\"flipbox-container cfb-layout-2 cfb-flip cfb-hover\" data-effect=\"x\" data-height=\"equal\" >\n                            <div class=\"flipbox-front-layout cfb-data\">\n                                <div class=\"flipbox-img\"><img decoding=\"async\" src=\"https:\/\/caldereriagurelan.com\/public\/media\/2026\/03\/MONTAJE-FINAL.jpg\" alt=\"\" \/><\/div><\/div>\n                            <div class=\"flipbox-back-layout cfb-data\" style=\"background:#e73842\">\n                            <h4>ASSEMBLY<\/h4>\n                                <p>Machinery assembly<\/p><\/div>\n                            <\/div>\n                        <\/div><div class=\"flex-col-md-4 cfb-box-6 cfb-box-wrapper\">\n                            <div class=\"flipbox-container cfb-layout-2 cfb-flip cfb-hover\" data-effect=\"x\" data-height=\"equal\" >\n                            <div class=\"flipbox-front-layout cfb-data\">\n                                <div class=\"flipbox-img\"><img decoding=\"async\" src=\"https:\/\/caldereriagurelan.com\/public\/media\/2026\/03\/PINTURA.jpg\" alt=\"\" \/><\/div><\/div>\n                            <div class=\"flipbox-back-layout cfb-data\" style=\"background:#e73842\">\n                            <h4>PAINTING<\/h4>\n                                <p>300 square-metre facility<\/p><\/div>\n                            <\/div>\n                        <\/div><\/div>\n<\/div><\/div>\n\n\n\n<div id=\"sectores\" class=\"wp-block-uagb-container animated fadeInUp uagb-block-7303f461 alignfull uagb-is-root-container\"><div class=\"uagb-container-inner-blocks-wrap\">\n<div class=\"wp-block-uagb-container uagb-block-9d7797fe\">\n<p class=\"has-text-align-center has-blanco-color has-text-color has-link-color wp-elements-71b5098235d64adcfeb3d995197a3cde\">SECTORS<\/p>\n<\/div>\n<\/div><\/div>\n\n\n\n<div class=\"wp-block-uagb-container animated fadeInUp uagb-block-add4c4e3 alignfull uagb-is-root-container\"><div class=\"uagb-container-inner-blocks-wrap\">\n<div class=\"wp-block-uagb-container uagb-block-5a182041\">\n<div class=\"wp-block-uagb-team uagb-team__image-position-above uagb-team__align-center uagb-team__stack-tablet uagb-block-7f7e53db\"><div class=\"uagb-team__content\"><img decoding=\"async\" class=\"uagb-team__image-crop-circle\" src=\"http:\/\/caldereriagurelan.com\/public\/media\/2024\/09\/maquina-herramienta-150x150.png\" alt=\"\" height=\"100\" width=\"100\" loading=\"lazy\"\/><h3 class=\"uagb-team__title\">Machine Tools<\/h3><span class=\"uagb-team__prefix\"><\/span><p class=\"uagb-team__desc\"><\/p><\/div><\/div>\n<\/div>\n\n\n\n<div class=\"wp-block-uagb-container uagb-block-ce9ed017\">\n<div class=\"wp-block-uagb-team uagb-team__image-position-above uagb-team__align-center uagb-team__stack-tablet uagb-block-8a8c4ffc\"><div class=\"uagb-team__content\"><img decoding=\"async\" class=\"uagb-team__image-crop-circle\" src=\"http:\/\/caldereriagurelan.com\/public\/media\/2024\/09\/renovables-150x150.png\" alt=\"\" height=\"100\" width=\"100\" loading=\"lazy\"\/><h3 class=\"uagb-team__title\">Renewables<\/h3><span class=\"uagb-team__prefix\"><\/span><p class=\"uagb-team__desc\"><\/p><\/div><\/div>\n<\/div>\n\n\n\n<div class=\"wp-block-uagb-container uagb-block-0bd8bf01\">\n<div class=\"wp-block-uagb-team uagb-team__image-position-above uagb-team__align-center uagb-team__stack-tablet uagb-block-f86ecbf1\"><div class=\"uagb-team__content\"><img decoding=\"async\" class=\"uagb-team__image-crop-circle\" src=\"http:\/\/caldereriagurelan.com\/public\/media\/2024\/09\/defensa-150x150.png\" alt=\"\" height=\"100\" width=\"100\" loading=\"lazy\"\/><h3 class=\"uagb-team__title\">Defence<\/h3><span class=\"uagb-team__prefix\"><\/span><p class=\"uagb-team__desc\"><\/p><\/div><\/div>\n<\/div>\n\n\n\n<div class=\"wp-block-uagb-container uagb-block-bfd45cc7\">\n<div class=\"wp-block-uagb-team uagb-team__image-position-above uagb-team__align-center uagb-team__stack-tablet uagb-block-1816ab97\"><div class=\"uagb-team__content\"><img decoding=\"async\" class=\"uagb-team__image-crop-circle\" src=\"http:\/\/caldereriagurelan.com\/public\/media\/2024\/09\/energia-150x150.png\" alt=\"\" height=\"100\" width=\"100\" loading=\"lazy\"\/><h3 class=\"uagb-team__title\">Energy<\/h3><span class=\"uagb-team__prefix\"><\/span><p class=\"uagb-team__desc\"><\/p><\/div><\/div>\n<\/div>\n<\/div><\/div>\n\n\n\n<div class=\"wp-block-uagb-container animated fadeInUp uagb-block-6575e74e alignfull uagb-is-root-container\"><div class=\"uagb-container-inner-blocks-wrap\">\n<div class=\"wp-block-uagb-container uagb-block-d1bb95d2\">\n<div class=\"wp-block-uagb-team uagb-team__image-position-above uagb-team__align-center uagb-team__stack-tablet uagb-block-d287a195\"><div class=\"uagb-team__content\"><img decoding=\"async\" class=\"uagb-team__image-crop-circle\" src=\"http:\/\/caldereriagurelan.com\/public\/media\/2024\/09\/siderurgia-150x150.png\" alt=\"\" height=\"100\" width=\"100\" loading=\"lazy\"\/><h3 class=\"uagb-team__title\">Steel<\/h3><span class=\"uagb-team__prefix\"><\/span><p class=\"uagb-team__desc\"><\/p><\/div><\/div>\n<\/div>\n\n\n\n<div class=\"wp-block-uagb-container uagb-block-95c792a3\">\n<div class=\"wp-block-uagb-team uagb-team__image-position-above uagb-team__align-center uagb-team__stack-tablet uagb-block-1f947499\"><div class=\"uagb-team__content\"><img decoding=\"async\" class=\"uagb-team__image-crop-circle\" src=\"http:\/\/caldereriagurelan.com\/public\/media\/2024\/09\/papel-150x150.png\" alt=\"\" height=\"100\" width=\"100\" loading=\"lazy\"\/><h3 class=\"uagb-team__title\">Paper<\/h3><span class=\"uagb-team__prefix\"><\/span><p class=\"uagb-team__desc\"><\/p><\/div><\/div>\n<\/div>\n\n\n\n<div class=\"wp-block-uagb-container uagb-block-8941490f\">\n<div class=\"wp-block-uagb-team uagb-team__image-position-above uagb-team__align-center uagb-team__stack-tablet uagb-block-133951af\"><div class=\"uagb-team__content\"><img decoding=\"async\" class=\"uagb-team__image-crop-circle\" src=\"http:\/\/caldereriagurelan.com\/public\/media\/2024\/10\/reciclaje-1-150x150.png\" alt=\"\" height=\"100\" width=\"100\" loading=\"lazy\"\/><h3 class=\"uagb-team__title\">Recycling<\/h3><span class=\"uagb-team__prefix\"><\/span><p class=\"uagb-team__desc\"><\/p><\/div><\/div>\n<\/div>\n\n\n\n<div class=\"wp-block-uagb-container uagb-block-c3d3000f\"><\/div>\n<\/div><\/div>\n","protected":false},"excerpt":{"rendered":"<p>CALDERER\u00cdA GURELAN SA If you can imagine it,we&#8217;ll make it. Construction of metal structures Since 1976 we have created carbon steel structures weighting up to 200 Tn (tonnes). Manufacturing capacity for 12,000 tonnes a year. Specialised in producing turnkey products: materials, construction and welding, assembly, machining and so on. We offer Experience Quality Commitment Advice [&hellip;]<\/p>\n","protected":false},"author":1,"featured_media":0,"parent":0,"menu_order":0,"comment_status":"closed","ping_status":"closed","template":"homepage.php","meta":{"_uag_custom_page_level_css":"","slim_seo":{"description":"Especializados en la fabricaci\u00f3n de productos llave en mano: Material, construcci\u00f3n y soldadura, montaje, mecanizado\u2026","title":"Gurelan - Calderer\u00eda - Estampaci\u00f3n, Reciclaje, Renovable, Defensa, M\u00e1quina Herramienta,Automoci\u00f3n."},"footnotes":""},"class_list":["post-396","page","type-page","status-publish","hentry"],"uagb_featured_image_src":{"full":false,"thumbnail":false,"medium":false,"medium_large":false,"large":false,"1536x1536":false,"2048x2048":false},"uagb_author_info":{"display_name":"axliweb","author_link":"https:\/\/caldereriagurelan.com\/en\/author\/axliweb\/"},"uagb_comment_info":0,"uagb_excerpt":"CALDERER\u00cdA GURELAN SA If you can imagine it,we&#8217;ll make it. Construction of metal structures Since 1976 we have created carbon steel structures weighting up to 200 Tn (tonnes). Manufacturing capacity for 12,000 tonnes a year. Specialised in producing turnkey products: materials, construction and welding, assembly, machining and so on. We offer Experience Quality Commitment Advice&hellip;","_links":{"self":[{"href":"https:\/\/caldereriagurelan.com\/en\/wp-json\/wp\/v2\/pages\/396","targetHints":{"allow":["GET"]}}],"collection":[{"href":"https:\/\/caldereriagurelan.com\/en\/wp-json\/wp\/v2\/pages"}],"about":[{"href":"https:\/\/caldereriagurelan.com\/en\/wp-json\/wp\/v2\/types\/page"}],"author":[{"embeddable":true,"href":"https:\/\/caldereriagurelan.com\/en\/wp-json\/wp\/v2\/users\/1"}],"replies":[{"embeddable":true,"href":"https:\/\/caldereriagurelan.com\/en\/wp-json\/wp\/v2\/comments?post=396"}],"version-history":[{"count":3,"href":"https:\/\/caldereriagurelan.com\/en\/wp-json\/wp\/v2\/pages\/396\/revisions"}],"predecessor-version":[{"id":558,"href":"https:\/\/caldereriagurelan.com\/en\/wp-json\/wp\/v2\/pages\/396\/revisions\/558"}],"wp:attachment":[{"href":"https:\/\/caldereriagurelan.com\/en\/wp-json\/wp\/v2\/media?parent=396"}],"curies":[{"name":"wp","href":"https:\/\/api.w.org\/{rel}","templated":true}]}}