{"id":454,"date":"2024-09-30T12:08:54","date_gmt":"2024-09-30T10:08:54","guid":{"rendered":"https:\/\/caldereriagurelan.com\/contacto\/"},"modified":"2024-11-05T09:58:49","modified_gmt":"2024-11-05T08:58:49","slug":"contact","status":"publish","type":"page","link":"https:\/\/caldereriagurelan.com\/en\/contact\/","title":{"rendered":"Contact us"},"content":{"rendered":"\n<div class=\"wp-block-uagb-container animated fadeInUp uagb-block-9b409da5 alignfull uagb-is-root-container\"><div class=\"uagb-container-inner-blocks-wrap\">\n<h1 class=\"wp-block-heading has-text-align-center has-blanco-color has-text-color\">Contact us<\/h1>\n\n\n\n<h2 class=\"wp-block-heading has-text-align-center has-white-color has-text-color\">We&#8217;re here to help you<\/h2>\n<\/div><\/div>\n\n\n\n<div class=\"wp-block-uagb-container uagb-block-998c16ac alignfull uagb-is-root-container\"><div class=\"uagb-container-inner-blocks-wrap\">\n<div class=\"wp-block-uagb-container uagb-block-39f628e8\">\n<h3 class=\"wp-block-heading\">Contact us<\/h3>\n\n\n\n<div class=\"wp-block-uagb-icon-list uagb-block-510f863f\"><div class=\"uagb-icon-list__wrap\">\n<div class=\"wp-block-uagb-icon-list-child uagb-block-6b69529e\"><a target=\"_self\" aria-label=\"info@caldereriagurelan.com\" rel=\"noopener noreferrer\" href=\"mailto:info@caldereriagurelan.com\"> <\/a><span class=\"uagb-icon-list__source-wrap\"><svg xmlns=\"https:\/\/www.w3.org\/2000\/svg\" viewBox=\"0 0 512 512\"><path d=\"M464 64C490.5 64 512 85.49 512 112C512 127.1 504.9 141.3 492.8 150.4L275.2 313.6C263.8 322.1 248.2 322.1 236.8 313.6L19.2 150.4C7.113 141.3 0 127.1 0 112C0 85.49 21.49 64 48 64H464zM217.6 339.2C240.4 356.3 271.6 356.3 294.4 339.2L512 176V384C512 419.3 483.3 448 448 448H64C28.65 448 0 419.3 0 384V176L217.6 339.2z\"><\/path><\/svg><\/span><span class=\"uagb-icon-list__label\">info@caldereriagurelan.com<\/span><\/div>\n\n\n\n<div class=\"wp-block-uagb-icon-list-child uagb-block-d0a99956\"><a target=\"_self\" aria-label=\"(34) 943 850 895\" rel=\"noopener noreferrer\" href=\"tel:0034943850895\"> <\/a><span class=\"uagb-icon-list__source-wrap\"><svg xmlns=\"https:\/\/www.w3.org\/2000\/svg\" viewBox=\"0 0 512 512\"><path d=\"M18.92 351.2l108.5-46.52c12.78-5.531 27.77-1.801 36.45 8.98l44.09 53.82c69.25-34 125.5-90.31 159.5-159.5l-53.81-44.04c-10.75-8.781-14.41-23.69-8.974-36.47l46.51-108.5c6.094-13.91 21.1-21.52 35.79-18.11l100.8 23.25c14.25 3.25 24.22 15.8 24.22 30.46c0 252.3-205.2 457.5-457.5 457.5c-14.67 0-27.18-9.968-30.45-24.22l-23.25-100.8C-2.571 372.4 5.018 357.2 18.92 351.2z\"><\/path><\/svg><\/span><span class=\"uagb-icon-list__label\">(34) 943 850 895<\/span><\/div>\n\n\n\n<div class=\"wp-block-uagb-icon-list-child uagb-block-dc8d9437\"><a target=\"_blank\" aria-label=\"Lugar Barrio Txerloia, 4, 20720 Azkoitia, Gipuzkoa\" rel=\"noopener noreferrer\" href=\"https:\/\/www.google.com\/maps\/dir\/\/Caldereria+Gurelan+SA+Lugar+Barrio+Txerloia,+4+20720+Azkoitia+Gipuzkoa\/@43.1728414,-2.3010081,15z\/data=!4m5!4m4!1m0!1m2!1m1!1s0xd51cd604842953b:0xf5685b0a2dce1df3\"> <\/a><span class=\"uagb-icon-list__source-wrap\"><svg xmlns=\"https:\/\/www.w3.org\/2000\/svg\" viewBox=\"0 0 576 512\"><path d=\"M408 120C408 174.6 334.9 271.9 302.8 311.1C295.1 321.6 280.9 321.6 273.2 311.1C241.1 271.9 168 174.6 168 120C168 53.73 221.7 0 288 0C354.3 0 408 53.73 408 120zM288 152C310.1 152 328 134.1 328 112C328 89.91 310.1 72 288 72C265.9 72 248 89.91 248 112C248 134.1 265.9 152 288 152zM425.6 179.8C426.1 178.6 426.6 177.4 427.1 176.1L543.1 129.7C558.9 123.4 576 135 576 152V422.8C576 432.6 570 441.4 560.9 445.1L416 503V200.4C419.5 193.5 422.7 186.7 425.6 179.8zM150.4 179.8C153.3 186.7 156.5 193.5 160 200.4V451.8L32.91 502.7C17.15 508.1 0 497.4 0 480.4V209.6C0 199.8 5.975 190.1 15.09 187.3L137.6 138.3C140 152.5 144.9 166.6 150.4 179.8H150.4zM327.8 331.1C341.7 314.6 363.5 286.3 384 255V504.3L192 449.4V255C212.5 286.3 234.3 314.6 248.2 331.1C268.7 357.6 307.3 357.6 327.8 331.1L327.8 331.1z\"><\/path><\/svg><\/span><span class=\"uagb-icon-list__label\">Lugar Barrio Txerloia, 4, 20720 Azkoitia, Gipuzkoa<\/span><\/div>\n<\/div><\/div>\n\n\n\n<div class=\"wp-block-uagb-info-box uagb-block-ae407a81 uagb-infobox__content-wrap  uagb-infobox-icon-above-title uagb-infobox-image-valign-top\"><div class=\"uagb-ifb-content\"><div class=\"uagb-ifb-title-wrap\"><div class=\"uagb-ifb-separator\"><\/div><p class=\"uagb-ifb-title\">Or by filling in the form<\/p><\/div><\/div><\/div>\n\n\n\n<div class=\"wp-block-contact-form-7-contact-form-selector contact-form\">\n<div class=\"wpcf7 no-js\" id=\"wpcf7-f459-o1\" lang=\"es-ES\" dir=\"ltr\" data-wpcf7-id=\"459\">\n<div class=\"screen-reader-response\"><p role=\"status\" aria-live=\"polite\" aria-atomic=\"true\"><\/p> <ul><\/ul><\/div>\n<form action=\"\/en\/wp-json\/wp\/v2\/pages\/454#wpcf7-f459-o1\" method=\"post\" class=\"wpcf7-form init\" aria-label=\"Formulario de contacto\" novalidate=\"novalidate\" data-status=\"init\">\n<fieldset class=\"hidden-fields-container\"><input type=\"hidden\" name=\"_wpcf7\" value=\"459\" \/><input type=\"hidden\" name=\"_wpcf7_version\" value=\"6.1.5\" \/><input type=\"hidden\" name=\"_wpcf7_locale\" value=\"es_ES\" \/><input type=\"hidden\" name=\"_wpcf7_unit_tag\" value=\"wpcf7-f459-o1\" \/><input type=\"hidden\" name=\"_wpcf7_container_post\" value=\"0\" \/><input type=\"hidden\" name=\"_wpcf7_posted_data_hash\" value=\"\" \/>\n<\/fieldset>\n<p><span class=\"wpcf7-form-control-wrap\" data-name=\"your-name\"><input size=\"40\" maxlength=\"400\" class=\"wpcf7-form-control wpcf7-text wpcf7-validates-as-required\" autocomplete=\"name\" aria-required=\"true\" aria-invalid=\"false\" placeholder=\"Name\" value=\"\" type=\"text\" name=\"your-name\" \/><\/span>\n<\/p>\n<p><span class=\"wpcf7-form-control-wrap\" data-name=\"your-email\"><input size=\"40\" maxlength=\"400\" class=\"wpcf7-form-control wpcf7-email wpcf7-validates-as-required wpcf7-text wpcf7-validates-as-email\" autocomplete=\"email\" aria-required=\"true\" aria-invalid=\"false\" placeholder=\"Email\" value=\"\" type=\"email\" name=\"your-email\" \/><\/span>\n<\/p>\n<p><span class=\"wpcf7-form-control-wrap\" data-name=\"your-phone\"><input size=\"40\" maxlength=\"400\" class=\"wpcf7-form-control wpcf7-tel wpcf7-text wpcf7-validates-as-tel\" aria-invalid=\"false\" placeholder=\"Phone\" value=\"\" type=\"tel\" name=\"your-phone\" \/><\/span>\n<\/p>\n<p><span class=\"wpcf7-form-control-wrap\" data-name=\"your-message\"><textarea cols=\"40\" rows=\"10\" maxlength=\"2000\" class=\"wpcf7-form-control wpcf7-textarea\" aria-invalid=\"false\" placeholder=\"Message\" name=\"your-message\"><\/textarea><\/span>\n<\/p>\n<p><input class=\"wpcf7-form-control wpcf7-submit has-spinner\" type=\"submit\" value=\"Send\" \/>\n<\/p><div class=\"wpcf7-response-output\" aria-hidden=\"true\"><\/div>\n<\/form>\n<\/div>\n<\/div>\n\n\n\n<p>Want to work with us?<\/p>\n\n\n\n<div class=\"wp-block-uagb-buttons uagb-buttons__outer-wrap uagb-btn__default-btn uagb-btn-tablet__default-btn uagb-btn-mobile__default-btn uagb-block-eeffb402\"><div class=\"uagb-buttons__wrap uagb-buttons-layout-wrap \">\n<div class=\"wp-block-uagb-buttons-child uagb-buttons__outer-wrap uagb-block-df2c28ad wp-block-button\"><div class=\"uagb-button__wrapper\"><a class=\"uagb-buttons-repeater wp-block-button__link\" aria-label=\"\" href=\"mailto:info@caldereriagurelan.com\" rel=\"follow noopener\" target=\"_self\" role=\"button\"><div class=\"uagb-button__link\">SEND US YOUR CV<\/div><\/a><\/div><\/div>\n<\/div><\/div>\n\n\n\n<div style=\"height:50px\" aria-hidden=\"true\" class=\"wp-block-spacer\"><\/div>\n\n\n\n<p>Stay <strong>Connected<\/strong><\/p>\n\n\n\n<p>&#8221; Hay un ser humano detr\u00e1s de cada tweet, blog y correo electr\u00f3nico. Recu\u00e9rdalo &#8220;. Chris Brogan<\/p>\n<\/div>\n<\/div><\/div>\n\n\n\n<div class=\"wp-block-uagb-container uagb-block-5356e2d9 alignfull uagb-is-root-container\"><div class=\"uagb-container-inner-blocks-wrap\">\n<h2 class=\"wp-block-heading has-text-align-center has-blanco-color has-text-color has-link-color wp-elements-28ed4cc4a8b1dc8a931869e11fca82d9\">Strategic location<\/h2>\n<\/div><\/div>\n\n\n\n<div class=\"wp-block-uagb-container uagb-block-8bc1511c alignfull uagb-is-root-container\"><div class=\"uagb-container-inner-blocks-wrap\">\n<div class=\"wp-block-uagb-container uagb-block-864c1388\">\n<div class=\"wp-block-uagb-info-box uagb-block-974c2211 uagb-infobox__content-wrap  uagb-infobox-icon-above-title uagb-infobox-image-valign-top\"><div class=\"uagb-ifb-content\"><div class=\"uagb-ifb-image-content\"><img decoding=\"async\" src=\"http:\/\/caldereriagurelan.com\/public\/media\/2024\/10\/camion.png\" alt=\"\" width=\"40\" height=\"26\" loading=\"lazy\"\/><\/div><div class=\"uagb-ifb-title-wrap\"><\/div><p class=\"uagb-ifb-desc\">AP-8 | A-15 | A-1&nbsp;<br><\/p><\/div><\/div>\n<\/div>\n\n\n\n<div class=\"wp-block-uagb-container uagb-block-fa4b7164\">\n<div class=\"wp-block-uagb-info-box uagb-block-67faa50e uagb-infobox__content-wrap  uagb-infobox-icon-above-title uagb-infobox-image-valign-top\"><div class=\"uagb-ifb-content\"><div class=\"uagb-ifb-image-content\"><img decoding=\"async\" src=\"http:\/\/caldereriagurelan.com\/public\/media\/2024\/10\/avion.png\" alt=\"\" width=\"40\" height=\"26\" loading=\"lazy\"\/><\/div><div class=\"uagb-ifb-title-wrap\"><\/div><p class=\"uagb-ifb-desc\">BILBAO:  67km | 46\u2019<br>SAN SEBASTI\u00c1N: 65km | 56\u2019<br>BIARRRITZ: 90km | 1h 12\u2019<br>SANTANDER: 160km | 1h 50\u2019<br>VITORI: 65km | 45\u2019<br>PAMPLONA: 110km | 1h 20\u2019<\/p><\/div><\/div>\n<\/div>\n\n\n\n<div class=\"wp-block-uagb-container uagb-block-2e2ebaf7\">\n<div class=\"wp-block-uagb-info-box uagb-block-9f3f1d07 uagb-infobox__content-wrap  uagb-infobox-icon-above-title uagb-infobox-image-valign-top\"><div class=\"uagb-ifb-content\"><div class=\"uagb-ifb-image-content\"><img decoding=\"async\" src=\"http:\/\/caldereriagurelan.com\/public\/media\/2024\/10\/barco.png\" alt=\"\" width=\"40\" height=\"26\" loading=\"lazy\"\/><\/div><div class=\"uagb-ifb-title-wrap\"><\/div><p class=\"uagb-ifb-desc\">BILBAO: 81km | 46H<br>PASAJES: 55km | 50\u2019<br>BAIONA: 100km | 1h 20\u2019<\/p><\/div><\/div>\n<\/div>\n<\/div><\/div>\n","protected":false},"excerpt":{"rendered":"<p>Contact us We&#8217;re here to help you Contact us Want to work with us? Stay Connected &#8221; Hay un ser humano detr\u00e1s de cada tweet, blog y correo electr\u00f3nico. Recu\u00e9rdalo &#8220;. Chris Brogan Strategic location<\/p>\n","protected":false},"author":1,"featured_media":0,"parent":0,"menu_order":0,"comment_status":"closed","ping_status":"closed","template":"normalpage.php","meta":{"_uag_custom_page_level_css":"","slim_seo":{"description":"Contacta con nosotros para hablar sobre cualquier proyecto","title":"Contact us - Gurelan - Calderer\u00eda"},"footnotes":""},"class_list":["post-454","page","type-page","status-publish","hentry"],"uagb_featured_image_src":{"full":false,"thumbnail":false,"medium":false,"medium_large":false,"large":false,"1536x1536":false,"2048x2048":false},"uagb_author_info":{"display_name":"axliweb","author_link":"https:\/\/caldereriagurelan.com\/en\/author\/axliweb\/"},"uagb_comment_info":0,"uagb_excerpt":"Contact us We&#8217;re here to help you Contact us Want to work with us? Stay Connected &#8221; Hay un ser humano detr\u00e1s de cada tweet, blog y correo electr\u00f3nico. Recu\u00e9rdalo &#8220;. Chris Brogan Strategic location","_links":{"self":[{"href":"https:\/\/caldereriagurelan.com\/en\/wp-json\/wp\/v2\/pages\/454","targetHints":{"allow":["GET"]}}],"collection":[{"href":"https:\/\/caldereriagurelan.com\/en\/wp-json\/wp\/v2\/pages"}],"about":[{"href":"https:\/\/caldereriagurelan.com\/en\/wp-json\/wp\/v2\/types\/page"}],"author":[{"embeddable":true,"href":"https:\/\/caldereriagurelan.com\/en\/wp-json\/wp\/v2\/users\/1"}],"replies":[{"embeddable":true,"href":"https:\/\/caldereriagurelan.com\/en\/wp-json\/wp\/v2\/comments?post=454"}],"version-history":[{"count":2,"href":"https:\/\/caldereriagurelan.com\/en\/wp-json\/wp\/v2\/pages\/454\/revisions"}],"predecessor-version":[{"id":460,"href":"https:\/\/caldereriagurelan.com\/en\/wp-json\/wp\/v2\/pages\/454\/revisions\/460"}],"wp:attachment":[{"href":"https:\/\/caldereriagurelan.com\/en\/wp-json\/wp\/v2\/media?parent=454"}],"curies":[{"name":"wp","href":"https:\/\/api.w.org\/{rel}","templated":true}]}}